{"id":2324,"date":"2018-03-08T17:38:56","date_gmt":"2018-03-08T16:38:56","guid":{"rendered":"http:\/\/curtidosbadia.com\/home\/"},"modified":"2023-08-04T17:33:07","modified_gmt":"2023-08-04T15:33:07","slug":"home","status":"publish","type":"page","link":"https:\/\/curtidosbadia.com\/en\/","title":{"rendered":"Home"},"content":{"rendered":"<p>[et_pb_section fb_built=&#8221;1&#8243; fullwidth=&#8221;on&#8221; _builder_version=&#8221;4.16&#8243; global_colors_info=&#8221;{}&#8221;][et_pb_fullwidth_code _builder_version=&#8221;4.21.0&#8243; global_colors_info=&#8221;{}&#8221;]<\/p>\n<div id=\"hero-section\"><!-- [et_pb_line_break_holder] --> <\/p>\n<div class=\"hero-overlay et_pb_container\"><!-- [et_pb_line_break_holder] --> <\/p>\n<h2>Excellence as standard<\/h2>\n<p><!-- [et_pb_line_break_holder] --> <pee>Since 1889<\/pee><!-- [et_pb_line_break_holder] --> <\/div>\n<p><!-- [et_pb_line_break_holder] --> <\/p>\n<div class=\"hero-bg\"><\/div>\n<p><!-- [et_pb_line_break_holder] --><\/div>\n<p>[\/et_pb_fullwidth_code][\/et_pb_section][et_pb_section fb_built=&#8221;1&#8243; custom_padding_last_edited=&#8221;on|desktop&#8221; admin_label=&#8221;section&#8221; _builder_version=&#8221;4.16&#8243; background_color=&#8221;#ffffff&#8221; custom_padding_tablet=&#8221;50px|0|50px|0&#8243; custom_padding_phone=&#8221;&#8221; custom_css_main_element=&#8221;margin-bottom: -50px;&#8221; transparent_background=&#8221;off&#8221; padding_mobile=&#8221;off&#8221; make_fullwidth=&#8221;off&#8221; use_custom_width=&#8221;off&#8221; width_unit=&#8221;on&#8221; global_colors_info=&#8221;{}&#8221;][et_pb_row column_structure=&#8221;1_3,1_3,1_3&#8243; _builder_version=&#8221;4.16&#8243; background_size=&#8221;initial&#8221; background_position=&#8221;top_left&#8221; background_repeat=&#8221;repeat&#8221; global_colors_info=&#8221;{}&#8221;][et_pb_column type=&#8221;1_3&#8243; _builder_version=&#8221;4.16&#8243; custom_padding=&#8221;|||&#8221; global_colors_info=&#8221;{}&#8221; custom_padding__hover=&#8221;|||&#8221;][et_pb_image src=&#8221;https:\/\/curtidosbadia.com\/wp-content\/uploads\/2018\/05\/empresa_badia.png&#8221; align_tablet=&#8221;center&#8221; align_phone=&#8221;center&#8221; align_last_edited=&#8221;on|desktop&#8221; module_class=&#8221;video-company&#8221; _builder_version=&#8221;4.16&#8243; custom_css_main_element=&#8221;cursor: pointer;&#8221; use_border_color=&#8221;off&#8221; always_center_on_mobile=&#8221;on&#8221; global_colors_info=&#8221;{}&#8221;][\/et_pb_image][et_pb_text _builder_version=&#8221;4.16&#8243; background_size=&#8221;initial&#8221; background_position=&#8221;top_left&#8221; background_repeat=&#8221;repeat&#8221; use_border_color=&#8221;off&#8221; global_colors_info=&#8221;{}&#8221;]<\/p>\n<h2 style=\"text-align: center;\">Company Profile<\/h2>\n<p style=\"text-align: center;\">An acknowledged international leader in the fashion and high-end leather industries.<\/p>\n<p>[\/et_pb_text][\/et_pb_column][et_pb_column type=&#8221;1_3&#8243; _builder_version=&#8221;4.16&#8243; custom_padding=&#8221;|||&#8221; global_colors_info=&#8221;{}&#8221; custom_padding__hover=&#8221;|||&#8221;][et_pb_image src=&#8221;https:\/\/curtidosbadia.com\/wp-content\/uploads\/2018\/02\/cluster_home.png&#8221; align_tablet=&#8221;center&#8221; align_phone=&#8221;center&#8221; align_last_edited=&#8221;on|desktop&#8221; module_class=&#8221;video-cluster&#8221; _builder_version=&#8221;4.16&#8243; custom_css_main_element=&#8221;cursor: pointer;&#8221; use_border_color=&#8221;off&#8221; always_center_on_mobile=&#8221;on&#8221; global_colors_info=&#8221;{}&#8221;][\/et_pb_image][et_pb_text _builder_version=&#8221;4.16&#8243; background_size=&#8221;initial&#8221; background_position=&#8221;top_left&#8221; background_repeat=&#8221;repeat&#8221; use_border_color=&#8221;off&#8221; global_colors_info=&#8221;{}&#8221;]<\/p>\n<h2 style=\"text-align: center;\">Leather Cluster<\/h2>\n<p style=\"text-align: center;\">A history spanning over 700 years of leather production in the city of Igualada.<\/p>\n<p>[\/et_pb_text][\/et_pb_column][et_pb_column type=&#8221;1_3&#8243; _builder_version=&#8221;4.16&#8243; custom_padding=&#8221;|||&#8221; global_colors_info=&#8221;{}&#8221; custom_padding__hover=&#8221;|||&#8221;][et_pb_blog posts_number=&#8221;1&#8243; include_categories=&#8221;all&#8221; show_author=&#8221;off&#8221; show_date=&#8221;off&#8221; show_categories=&#8221;off&#8221; show_pagination=&#8221;off&#8221; module_class=&#8221;home-entry&#8221; _builder_version=&#8221;4.21.0&#8243; hover_enabled=&#8221;0&#8243; pagination_font_size_tablet=&#8221;51&#8243; pagination_line_height_tablet=&#8221;2&#8243; custom_css_title=&#8221;color: #333;&#8221; global_colors_info=&#8221;{}&#8221; sticky_enabled=&#8221;0&#8243;][\/et_pb_blog][\/et_pb_column][\/et_pb_row][\/et_pb_section]<\/p>\n","protected":false},"excerpt":{"rendered":"<p>Company Profile An acknowledged international leader in the fashion and high-end leather industries. Leather Cluster A history spanning over 700 years of leather production in the city of Igualada.<\/p>\n","protected":false},"author":6,"featured_media":0,"parent":0,"menu_order":0,"comment_status":"closed","ping_status":"closed","template":"","meta":{"_acf_changed":false,"_et_pb_use_builder":"on","_et_pb_old_content":"[et_pb_section bb_built=\"1\" fullwidth=\"on\" specialty=\"off\"][et_pb_fullwidth_code _builder_version=\"3.0.100\"]<div id=\"hero-section\"><!-- [et_pb_line_break_holder] --> <div class=\"hero-overlay et_pb_container\"><!-- [et_pb_line_break_holder] --> <h2>Excelencia como est\u00e1ndar<\/h2><!-- [et_pb_line_break_holder] --> <p>Desde 1889<\/p><!-- [et_pb_line_break_holder] --> <\/div><!-- [et_pb_line_break_holder] --> <div class=\"hero-bg\"><\/div><!-- [et_pb_line_break_holder] --><\/div>[\/et_pb_fullwidth_code][\/et_pb_section][et_pb_section bb_built=\"1\" admin_label=\"section\" transparent_background=\"off\" background_color=\"#ffffff\" allow_player_pause=\"off\" inner_shadow=\"off\" parallax=\"off\" parallax_method=\"off\" padding_mobile=\"off\" make_fullwidth=\"off\" use_custom_width=\"off\" width_unit=\"on\" make_equal=\"off\" use_custom_gutter=\"off\" custom_css_main_element=\"margin-bottom: -50px;\" custom_padding_tablet=\"50px|0|50px|0\" custom_padding_last_edited=\"on|desktop\"][et_pb_row background_position=\"top_left\" background_repeat=\"repeat\" background_size=\"initial\"][et_pb_column type=\"1_3\"][et_pb_image src=\"https:\/\/curtidosbadia.com\/wp-content\/uploads\/2018\/05\/empresa_badia.png\" show_in_lightbox=\"off\" url_new_window=\"off\" use_overlay=\"off\" align=\"left\" force_fullwidth=\"off\" always_center_on_mobile=\"on\" use_border_color=\"off\" module_class=\"video-company\" custom_css_main_element=\"cursor: pointer;\" show_bottom_space=\"on\" _builder_version=\"3.0.100\" \/][et_pb_text background_layout=\"light\" use_border_color=\"off\" background_position=\"top_left\" background_repeat=\"repeat\" background_size=\"initial\" _builder_version=\"3.0.100\"]\r\n<h2 style=\"text-align: center;\">Empresa<\/h2>\r\n<p style=\"text-align: center;\">Una referencia en el mercado de la moda y en el sector de la piel de alta calidad a nivel internacional.<\/p>\r\n[\/et_pb_text][\/et_pb_column][et_pb_column type=\"1_3\"][et_pb_image src=\"https:\/\/curtidosbadia.com\/wp-content\/uploads\/2018\/02\/cluster_home.png\" show_in_lightbox=\"off\" url_new_window=\"off\" use_overlay=\"off\" align=\"left\" force_fullwidth=\"off\" always_center_on_mobile=\"on\" use_border_color=\"off\" module_class=\"video-cluster\" custom_css_main_element=\"cursor: pointer;\" show_bottom_space=\"on\" _builder_version=\"3.0.100\" \/][et_pb_text background_layout=\"light\" use_border_color=\"off\" background_position=\"top_left\" background_repeat=\"repeat\" background_size=\"initial\" _builder_version=\"3.0.100\"]\r\n<h2 style=\"text-align: center;\">Cl\u00faster de la Piel<\/h2>\r\n<p style=\"text-align: center;\">M\u00e1s de 700 a\u00f1os de historia de producci\u00f3n de piel en la ciudad de Igualada.<\/p>\r\n[\/et_pb_text][\/et_pb_column][et_pb_column type=\"1_3\"][et_pb_blog _builder_version=\"3.0.100\" posts_number=\"1\" include_categories=\"16\" show_content=\"off\" show_thumbnail=\"on\" show_more=\"off\" show_author=\"off\" show_date=\"off\" show_categories=\"off\" show_comments=\"off\" show_pagination=\"off\" fullwidth=\"on\" use_overlay=\"off\" background_layout=\"light\" pagination_font_size_tablet=\"51\" pagination_line_height_tablet=\"2\" module_class=\"home-entry\" custom_css_title=\"color: #333;\" \/][\/et_pb_column][\/et_pb_row][\/et_pb_section]","_et_gb_content_width":"","footnotes":""},"class_list":["post-2324","page","type-page","status-publish","hentry"],"acf":[],"yoast_head":"<!-- This site is optimized with the Yoast SEO plugin v27.1.1 - https:\/\/yoast.com\/product\/yoast-seo-wordpress\/ -->\n<title>Home - Curtidos Badia, SA<\/title>\n<meta name=\"robots\" content=\"index, follow, max-snippet:-1, max-image-preview:large, max-video-preview:-1\" \/>\n<link rel=\"canonical\" href=\"https:\/\/curtidosbadia.com\/en\/home\/\" \/>\n<meta property=\"og:locale\" content=\"en_US\" \/>\n<meta property=\"og:type\" content=\"article\" \/>\n<meta property=\"og:title\" content=\"Home - Curtidos Badia, SA\" \/>\n<meta property=\"og:description\" content=\"Company Profile An acknowledged international leader in the fashion and high-end leather industries. Leather Cluster A history spanning over 700 years of leather production in the city of Igualada.\" \/>\n<meta property=\"og:url\" content=\"https:\/\/curtidosbadia.com\/en\/home\/\" \/>\n<meta property=\"og:site_name\" content=\"Curtidos Badia, SA\" \/>\n<meta property=\"article:modified_time\" content=\"2023-08-04T15:33:07+00:00\" \/>\n<meta name=\"twitter:card\" content=\"summary_large_image\" \/>\n<meta name=\"twitter:label1\" content=\"Est. reading time\" \/>\n\t<meta name=\"twitter:data1\" content=\"2 minutes\" \/>\n<script type=\"application\/ld+json\" class=\"yoast-schema-graph\">{\"@context\":\"https:\/\/schema.org\",\"@graph\":[{\"@type\":\"WebPage\",\"@id\":\"https:\/\/curtidosbadia.com\/en\/home\/\",\"url\":\"https:\/\/curtidosbadia.com\/en\/home\/\",\"name\":\"Home - Curtidos Badia, SA\",\"isPartOf\":{\"@id\":\"https:\/\/curtidosbadia.com\/#website\"},\"datePublished\":\"2018-03-08T16:38:56+00:00\",\"dateModified\":\"2023-08-04T15:33:07+00:00\",\"breadcrumb\":{\"@id\":\"https:\/\/curtidosbadia.com\/en\/home\/#breadcrumb\"},\"inLanguage\":\"en-US\",\"potentialAction\":[{\"@type\":\"ReadAction\",\"target\":[\"https:\/\/curtidosbadia.com\/en\/home\/\"]}]},{\"@type\":\"BreadcrumbList\",\"@id\":\"https:\/\/curtidosbadia.com\/en\/home\/#breadcrumb\",\"itemListElement\":[{\"@type\":\"ListItem\",\"position\":1,\"name\":\"Portada\",\"item\":\"https:\/\/curtidosbadia.com\/en\/home\/\"},{\"@type\":\"ListItem\",\"position\":2,\"name\":\"Home\"}]},{\"@type\":\"WebSite\",\"@id\":\"https:\/\/curtidosbadia.com\/#website\",\"url\":\"https:\/\/curtidosbadia.com\/\",\"name\":\"Curtidos Badia\",\"description\":\"Empresa dedicada a la curtici\u00f3n y acabado de pieles vacunas de primera calidad para marroquineria, selleria y calzado.\",\"potentialAction\":[{\"@type\":\"SearchAction\",\"target\":{\"@type\":\"EntryPoint\",\"urlTemplate\":\"https:\/\/curtidosbadia.com\/?s={search_term_string}\"},\"query-input\":{\"@type\":\"PropertyValueSpecification\",\"valueRequired\":true,\"valueName\":\"search_term_string\"}}],\"inLanguage\":\"en-US\"}]}<\/script>\n<!-- \/ Yoast SEO plugin. -->","yoast_head_json":{"title":"Home - Curtidos Badia, SA","robots":{"index":"index","follow":"follow","max-snippet":"max-snippet:-1","max-image-preview":"max-image-preview:large","max-video-preview":"max-video-preview:-1"},"canonical":"https:\/\/curtidosbadia.com\/en\/home\/","og_locale":"en_US","og_type":"article","og_title":"Home - Curtidos Badia, SA","og_description":"Company Profile An acknowledged international leader in the fashion and high-end leather industries. Leather Cluster A history spanning over 700 years of leather production in the city of Igualada.","og_url":"https:\/\/curtidosbadia.com\/en\/home\/","og_site_name":"Curtidos Badia, SA","article_modified_time":"2023-08-04T15:33:07+00:00","twitter_card":"summary_large_image","twitter_misc":{"Est. reading time":"2 minutes"},"schema":{"@context":"https:\/\/schema.org","@graph":[{"@type":"WebPage","@id":"https:\/\/curtidosbadia.com\/en\/home\/","url":"https:\/\/curtidosbadia.com\/en\/home\/","name":"Home - Curtidos Badia, SA","isPartOf":{"@id":"https:\/\/curtidosbadia.com\/#website"},"datePublished":"2018-03-08T16:38:56+00:00","dateModified":"2023-08-04T15:33:07+00:00","breadcrumb":{"@id":"https:\/\/curtidosbadia.com\/en\/home\/#breadcrumb"},"inLanguage":"en-US","potentialAction":[{"@type":"ReadAction","target":["https:\/\/curtidosbadia.com\/en\/home\/"]}]},{"@type":"BreadcrumbList","@id":"https:\/\/curtidosbadia.com\/en\/home\/#breadcrumb","itemListElement":[{"@type":"ListItem","position":1,"name":"Portada","item":"https:\/\/curtidosbadia.com\/en\/home\/"},{"@type":"ListItem","position":2,"name":"Home"}]},{"@type":"WebSite","@id":"https:\/\/curtidosbadia.com\/#website","url":"https:\/\/curtidosbadia.com\/","name":"Curtidos Badia","description":"Empresa dedicada a la curtici\u00f3n y acabado de pieles vacunas de primera calidad para marroquineria, selleria y calzado.","potentialAction":[{"@type":"SearchAction","target":{"@type":"EntryPoint","urlTemplate":"https:\/\/curtidosbadia.com\/?s={search_term_string}"},"query-input":{"@type":"PropertyValueSpecification","valueRequired":true,"valueName":"search_term_string"}}],"inLanguage":"en-US"}]}},"_links":{"self":[{"href":"https:\/\/curtidosbadia.com\/en\/wp-json\/wp\/v2\/pages\/2324","targetHints":{"allow":["GET"]}}],"collection":[{"href":"https:\/\/curtidosbadia.com\/en\/wp-json\/wp\/v2\/pages"}],"about":[{"href":"https:\/\/curtidosbadia.com\/en\/wp-json\/wp\/v2\/types\/page"}],"author":[{"embeddable":true,"href":"https:\/\/curtidosbadia.com\/en\/wp-json\/wp\/v2\/users\/6"}],"replies":[{"embeddable":true,"href":"https:\/\/curtidosbadia.com\/en\/wp-json\/wp\/v2\/comments?post=2324"}],"version-history":[{"count":4,"href":"https:\/\/curtidosbadia.com\/en\/wp-json\/wp\/v2\/pages\/2324\/revisions"}],"predecessor-version":[{"id":8144,"href":"https:\/\/curtidosbadia.com\/en\/wp-json\/wp\/v2\/pages\/2324\/revisions\/8144"}],"wp:attachment":[{"href":"https:\/\/curtidosbadia.com\/en\/wp-json\/wp\/v2\/media?parent=2324"}],"curies":[{"name":"wp","href":"https:\/\/api.w.org\/{rel}","templated":true}]}}